{"id":4656,"date":"2025-07-11T23:44:01","date_gmt":"2025-07-11T23:44:01","guid":{"rendered":"https:\/\/yankiai.com\/aviso-legal\/"},"modified":"2025-10-21T22:50:35","modified_gmt":"2025-10-21T22:50:35","slug":"aviso-legal","status":"publish","type":"page","link":"https:\/\/yankiai.com\/es\/aviso-legal\/","title":{"rendered":"Aviso Legal"},"content":{"rendered":"\t\t<div data-elementor-type=\"wp-page\" data-elementor-id=\"4656\" class=\"elementor elementor-4656\" data-elementor-post-type=\"page\">\n\t\t\t\t<div class=\"elementor-element elementor-element-f86ff8a e-flex e-con-boxed e-con e-parent\" data-id=\"f86ff8a\" data-element_type=\"container\">\n\t\t\t\t\t<div class=\"e-con-inner\">\n\t\t\t\t<div class=\"elementor-element elementor-element-1fadd3b elementor-widget elementor-widget-spacer\" data-id=\"1fadd3b\" data-element_type=\"widget\" data-widget_type=\"spacer.default\">\n\t\t\t\t<div class=\"elementor-widget-container\">\n\t\t\t\t\t\t\t<div class=\"elementor-spacer\">\n\t\t\t<div class=\"elementor-spacer-inner\"><\/div>\n\t\t<\/div>\n\t\t\t\t\t\t<\/div>\n\t\t\t\t<\/div>\n\t\t\t\t\t<\/div>\n\t\t\t\t<\/div>\n\t\t<div class=\"elementor-element elementor-element-a181520 e-flex e-con-boxed e-con e-parent\" data-id=\"a181520\" data-element_type=\"container\">\n\t\t\t\t\t<div class=\"e-con-inner\">\n\t\t\t\t<div class=\"elementor-element elementor-element-ea53a90 elementor-widget elementor-widget-heading\" data-id=\"ea53a90\" data-element_type=\"widget\" data-widget_type=\"heading.default\">\n\t\t\t\t<div class=\"elementor-widget-container\">\n\t\t\t\t\t<h1 class=\"elementor-heading-title elementor-size-default\">Aviso Legal<\/h1>\t\t\t\t<\/div>\n\t\t\t\t<\/div>\n\t\t\t\t\t<\/div>\n\t\t\t\t<\/div>\n\t\t<div class=\"elementor-element elementor-element-f971b22 e-flex e-con-boxed e-con e-parent\" data-id=\"f971b22\" data-element_type=\"container\">\n\t\t\t\t\t<div class=\"e-con-inner\">\n\t\t\t\t<div class=\"elementor-element elementor-element-1d967a2 elementor-widget elementor-widget-heading\" data-id=\"1d967a2\" data-element_type=\"widget\" data-widget_type=\"heading.default\">\n\t\t\t\t<div class=\"elementor-widget-container\">\n\t\t\t\t\t<h2 class=\"elementor-heading-title elementor-size-default\"><a href=\"https:\/\/yankiai.com\/wp-content\/uploads\/2025\/07\/YankiAI-Privacy-Policy.docx\">&gt; 1. Pol\u00edtica de Privacidad<\/a><\/h2>\t\t\t\t<\/div>\n\t\t\t\t<\/div>\n\t\t\t\t<div class=\"elementor-element elementor-element-c7a46d8 elementor-widget elementor-widget-heading\" data-id=\"c7a46d8\" data-element_type=\"widget\" data-widget_type=\"heading.default\">\n\t\t\t\t<div class=\"elementor-widget-container\">\n\t\t\t\t\t<h2 class=\"elementor-heading-title elementor-size-default\"><a href=\"https:\/\/yankiai.com\/wp-content\/uploads\/2025\/07\/YankiAI-Task-Submission-Policy.docx\">&gt; 2. Pol\u00edtica de Env\u00edo de Tareas<\/a><\/h2>\t\t\t\t<\/div>\n\t\t\t\t<\/div>\n\t\t\t\t<div class=\"elementor-element elementor-element-8e578a8 elementor-widget elementor-widget-heading\" data-id=\"8e578a8\" data-element_type=\"widget\" data-widget_type=\"heading.default\">\n\t\t\t\t<div class=\"elementor-widget-container\">\n\t\t\t\t\t<h2 class=\"elementor-heading-title elementor-size-default\"><a href=\"https:\/\/yankiai.com\/wp-content\/uploads\/2025\/07\/YankiAI-Personal-Assistant-Service-Terms.docx\">&gt; 3. T\u00e9rminos y Condiciones del Servicio de Asistente Personal<\/a><\/h2>\t\t\t\t<\/div>\n\t\t\t\t<\/div>\n\t\t\t\t<div class=\"elementor-element elementor-element-746e655 elementor-widget elementor-widget-heading\" data-id=\"746e655\" data-element_type=\"widget\" data-widget_type=\"heading.default\">\n\t\t\t\t<div class=\"elementor-widget-container\">\n\t\t\t\t\t<h2 class=\"elementor-heading-title elementor-size-default\"><a href=\"https:\/\/yankiai.com\/wp-content\/uploads\/2025\/07\/YankiAI-General-Terms-of-Use.docx\">&gt; 4. T\u00e9rminos y Condiciones Generales<\/a><\/h2>\t\t\t\t<\/div>\n\t\t\t\t<\/div>\n\t\t\t\t<div class=\"elementor-element elementor-element-a6d2911 elementor-widget elementor-widget-heading\" data-id=\"a6d2911\" data-element_type=\"widget\" data-widget_type=\"heading.default\">\n\t\t\t\t<div class=\"elementor-widget-container\">\n\t\t\t\t\t<h2 class=\"elementor-heading-title elementor-size-default\"><a href=\"https:\/\/yankiai.com\/wp-content\/uploads\/2025\/07\/YankiAI-Cookie-Policy.docx\">&gt; 5. Pol\u00edtica sobre Cookies<\/a><\/h2>\t\t\t\t<\/div>\n\t\t\t\t<\/div>\n\t\t\t\t<div class=\"elementor-element elementor-element-c858706 elementor-widget elementor-widget-heading\" data-id=\"c858706\" data-element_type=\"widget\" data-widget_type=\"heading.default\">\n\t\t\t\t<div class=\"elementor-widget-container\">\n\t\t\t\t\t<h2 class=\"elementor-heading-title elementor-size-default\"><a href=\"https:\/\/yankiai.com\/wp-content\/uploads\/2025\/07\/Refund-Cancellation-Policy.docx\">&gt; 6. Pol\u00edtica de Reembolsos y Cancelaciones<\/a><\/h2>\t\t\t\t<\/div>\n\t\t\t\t<\/div>\n\t\t\t\t<div class=\"elementor-element elementor-element-10c8834 elementor-widget elementor-widget-heading\" data-id=\"10c8834\" data-element_type=\"widget\" data-widget_type=\"heading.default\">\n\t\t\t\t<div class=\"elementor-widget-container\">\n\t\t\t\t\t<h2 class=\"elementor-heading-title elementor-size-default\"><a href=\"https:\/\/yankiai.com\/wp-content\/uploads\/2025\/07\/Community-Guidelines.docx\">&gt; 7. Normas de la Comunidad<\/a><\/h2>\t\t\t\t<\/div>\n\t\t\t\t<\/div>\n\t\t\t\t<div class=\"elementor-element elementor-element-00da25f elementor-widget elementor-widget-spacer\" data-id=\"00da25f\" data-element_type=\"widget\" data-widget_type=\"spacer.default\">\n\t\t\t\t<div class=\"elementor-widget-container\">\n\t\t\t\t\t\t\t<div class=\"elementor-spacer\">\n\t\t\t<div class=\"elementor-spacer-inner\"><\/div>\n\t\t<\/div>\n\t\t\t\t\t\t<\/div>\n\t\t\t\t<\/div>\n\t\t\t\t\t<\/div>\n\t\t\t\t<\/div>\n\t\t\t\t<\/div>\n\t\t","protected":false},"excerpt":{"rendered":"<p>Aviso Legal &gt; 1. Pol\u00edtica de Privacidad &gt; 2. Pol\u00edtica de Env\u00edo de Tareas &gt; 3. T\u00e9rminos y Condiciones del Servicio de Asistente Personal &gt; 4. T\u00e9rminos y Condiciones Generales &gt; 5. Pol\u00edtica sobre Cookies &gt; 6. Pol\u00edtica de Reembolsos y Cancelaciones &gt; 7. Normas de la Comunidad<\/p>\n","protected":false},"author":1,"featured_media":0,"parent":0,"menu_order":0,"comment_status":"closed","ping_status":"closed","template":"elementor_header_footer","meta":{"footnotes":""},"class_list":["post-4656","page","type-page","status-publish","hentry"],"_links":{"self":[{"href":"https:\/\/yankiai.com\/es\/wp-json\/wp\/v2\/pages\/4656","targetHints":{"allow":["GET"]}}],"collection":[{"href":"https:\/\/yankiai.com\/es\/wp-json\/wp\/v2\/pages"}],"about":[{"href":"https:\/\/yankiai.com\/es\/wp-json\/wp\/v2\/types\/page"}],"author":[{"embeddable":true,"href":"https:\/\/yankiai.com\/es\/wp-json\/wp\/v2\/users\/1"}],"replies":[{"embeddable":true,"href":"https:\/\/yankiai.com\/es\/wp-json\/wp\/v2\/comments?post=4656"}],"version-history":[{"count":4,"href":"https:\/\/yankiai.com\/es\/wp-json\/wp\/v2\/pages\/4656\/revisions"}],"predecessor-version":[{"id":4738,"href":"https:\/\/yankiai.com\/es\/wp-json\/wp\/v2\/pages\/4656\/revisions\/4738"}],"wp:attachment":[{"href":"https:\/\/yankiai.com\/es\/wp-json\/wp\/v2\/media?parent=4656"}],"curies":[{"name":"wp","href":"https:\/\/api.w.org\/{rel}","templated":true}]}}